{"id":106,"date":"2024-11-15T16:36:03","date_gmt":"2024-11-15T16:36:03","guid":{"rendered":"https:\/\/addictionawareness.de\/?page_id=106"},"modified":"2024-11-15T16:36:03","modified_gmt":"2024-11-15T16:36:03","slug":"1hundred4peace","status":"publish","type":"page","link":"https:\/\/addictionawareness.de\/?page_id=106","title":{"rendered":"1hundred4peace"},"content":{"rendered":"\n<p>Das ist meine neue Aktion, die am 17.11.24 starten wird.<\/p>\n\n\n\n<p>Ich habe ein Manifest geschrieben, an dem Morgen, als Donald Trump als der n\u00e4chste Pr\u00e4sident der USA feststand und die Ampel noch existierte.<\/p>\n\n\n\n<p>Das Manifest von 1hundred4peace<\/p>\n\n\n\n<p>Ein Manifest (von lateinisch manifestus \u201ahandgreiflich gemacht\u2018, \u201aoffenbart\u2018) ist eine \u00f6ffentliche Erkl\u00e4rung von Zielen und Absichten, oftmals politischer Natur. Der Begriff wird vielseitig verwendet, eine allgemein akzeptierte Definition existiert nicht. Manifeste sollen in der Regel eine breite \u00d6ffentlichkeit erreichen.[1] Martin Puchner sieht Manifeste als Sprechakte, die das Ziel haben, die Welt zu ver\u00e4ndern.[2]<br>Johanna Klatt, Robert Lorenz: Politische Manifeste: Randnotizen der Geschichte oder Wegbereiter sozialen Wandels? In: Johanna Klatt, Robert Lorenz (Hrsg.): Manifeste: Geschichte und Gegenwart des politischen Appells. 7-46 Auflage. transcript, Bielefeld 2010, ISBN 978-3-8394-1679-2, doi:10.14361\/transcript.9783839416792.7.xml (degruyter.com [abgerufen am 7. Januar 2021]).<br>Martin Puchner: Poetry of the revolution: Marx, manifestos, and the avant-gardes. Princeton University Press, Princeton 2006, ISBN 978-1-4008-4412-8.<br>(Quelle: Wikipedia)<\/p>\n\n\n\n<p>Ich habe die Wahl in den Vereinigten Staaten verfolgt, bin jetzt ein wenig \u00fcbern\u00e4chtigt, aber auch w\u00fctend.<br>Denn da kommt noch oben drauf, dass die politischen Zust\u00e4nde hier in Deutschland derzeit sehr fragil sind. Die Hoffnung, dass es besser wird, schwindet.<br>Ich muss etwas machen, f\u00fcr mich, ich muss aktiv werden.<br>Hiermit rufe ich die 1hundred4peace aus, proklamiere ihre Existenz.<br>Sie werden am 17.11. beginnen mit einem feierlichen Festakt bei mir zu Hause, werden sich entwickeln und am 25.02.2025 nach 100 Tagen beendet sein. 1hundredDays4Peace.<br>Jeden Tag werde ich 100 Sachen f\u00fcr den Frieden machen, das sind teilweise kleine Sachen, lassen Sie sich \u00fcberraschen. Aber ich werde auch f\u00fcr mich gro\u00dfe Sachen machen, wie 100 Kilometer auf dem Fahrrad fahren, an einem der 100 Tage, wenn die Sonne scheint.<br>Wie sie merken, brauche ich Ihre Hilfe. Nein nicht so, denn schlie\u00dflich bin ich Psychologe, wirklich.<br>Diese Aktion wird nur funktionieren, wenn Sie an eine breite \u00d6ffentlichkeit gelangt, daf\u00fcr brauche ich die Hilfe der Medien.<br>Ich brauche auch die Hilfe einiger Unternehmen, so w\u00fcnsche ich mir, dass mein Website-Provider mir eine Website f\u00fcr 100 Tage einrichtet, mir ein Podcast-Host hilft, einen Podcast einzurichten, ein Schrittz\u00e4hler-Hersteller mir hilft, eine Website einzurichten, auf der Teilnehmer der Aktion 10000 Schritte (100&#215;100) belegen k\u00f6nnen, so dass sie gez\u00e4hlt werden \u00fcber 100 Tage und und und.<br>Das Ganze wird nur funktionieren, wenn mir die Medien helfen, denn erst dann kann ich<\/p>\n\n\n\n<ul class=\"wp-block-list\">\n<li>100 Influencer bitten, mir zu helfen mit 100 Worten<\/li>\n\n\n\n<li>100 Politiker aller Fraktionen bitten, mir zu helfen mit 100 Worten, warum Frieden gut w\u00e4re<\/li>\n\n\n\n<li>100 Comedians bitten, mir zu helfen mit Friedenswitzen in 100 Worten (a fucking challenge)<\/li>\n\n\n\n<li>100 Schauspieler bitten, in 10 Gesten Frieden zu demonstrieren.<br>erst dann kann ich versuchen, diese Aktion im Ausland bekannt zu machen, denn sie ist begrenzt auf 100 Tage.<br>Ziel ist es, \u00fcber 100 Tage etwas f\u00fcr den Frieden zu machen, erst recht, wenn es f\u00fcr den inneren Frieden ist.<br>Regeln:<\/li>\n\n\n\n<li>Kein Mensch darf k\u00f6rperlich durch diese Aktion beeintr\u00e4chtigt werden (100 Schl\u00e4ge geht also nicht, sorry, die SM-Szene ist raus aus meiner Aktion, sorry, sorry). Auch soll sich kein Mensch in Gefahr bringen, um bespielsweise an einem Hochhaus in 100 Meter H\u00f6he ein Banner anzubringen. Jeder soll das machen, was er kann und was der Arzt verordnet, nicht seine Gesundheit gef\u00e4hrden.<\/li>\n\n\n\n<li>Ich darf keinen monet\u00e4ren Gewinn machen, m\u00f6chte aber Firmen gewinnen, damit Gewinn zu machen, weshalb ich &#8222;1hundred4Peace&#8220; nicht sch\u00fctzen lassen m\u00f6chte, als Patent, und ich bitte alle, das nicht zu machen.<\/li>\n\n\n\n<li>You can endorse me, but not own me. Aus einer Zuwendung zu dieser Aktion soll keine Abh\u00e4ngigkeit meinerseits erfolgen.<\/li>\n\n\n\n<li>Selbst Hatern dieser Aktion sei ihre Meinung geg\u00f6nnt, weil ich mir auch w\u00fcnsche, dass es Ihnen besser geht.<\/li>\n\n\n\n<li>Die Aktion ist auf 100 Tage begrenzt, 100 Tage Influncen in dieser meiner Form. Am 25.02.2025 um 20:25 Uhr, zur Walpurgisnacht, ist der Spuk vorbei.<\/li>\n<\/ul>\n\n\n\n<p>Wie endet ein Manifest?<br>Habe hier https:\/\/www.glamour.de\/artikel\/manifest-staffel-4-ende-erklaert#:~:text=In%20der%20letzten%20Folge%20der,der%20die%20Menschheitsgeschichte%20ver%C3%A4ndern%20wird. folgendes gefunden:<br>In der letzten Folge der finalen Staffel von \u201cManifest\u201d kommt der Tag, den die Passagiere (und Fans!) seit dem Ende der ersten Staffel gef\u00fcrchtet haben: der Todestag. Am 2. Juni 2024 kommen alle (\u00fcberlebenden) Passagiere wieder zusammen und erleben einen Moment, der die Menschheitsgeschichte ver\u00e4ndern wird. Es gibt Tote, \u00dcberlebende und einige Plottwists, die wir nicht haben kommen sehen.<br><\/p>\n\n\n\n<p>Passt doch ganz gut.<br><\/p>\n\n\n\n<p>Vielen Dank f\u00fcr Ihre Aufmerksamkeit,<br>Sascha Malsbender<\/p>\n\n\n\n<p>The manifest of 1hundred4peace<\/p>\n\n\n\n<p>In the Cambridge Dictionary I could find:<br>Manifest (verb)<br>to show something clearly, through signs or actions:<br>manifest something in something: The workers chose to manifest their dissatisfaction in a series of strikes.<br>manifest itself in: The illness first manifested itself in severe stomach pains.<br>manifest itself as: In teenagers, depression often manifests itself as anger.<br>Synonyms<br>demonstrate (SHOW), reveal, show (MAKE SEEN)<\/p>\n\n\n\n<p>I followed the election in the United States, now I\u00b4m very tired, but also angry,<br>because it gets topped by the political situation here in Germany, which currently is rather fragile. The hope, that something gets better, gets rather diminished.<br>I have to do something, for me, I have to activate myself.<br>Hereby I evoke 1hundred4peace aus, proclaim it\u00b4s existence.<br>They are going to start at 11\/17\/2025 with a pompous opening ceremony in my home, are going to develope and will end on 02\/25\/2025 after 100 days. 1hundredDays4Peace.<br>Every day I\u00b4m going to do a 100 actions for peace, sometimes nothing special, little things, everyone can do, let me surprise you. But I also plan bigger actions (for me) for example biking 100 Kilometres not with an E-Bike, on one of those 100 days, when the sun shines.<br>As you can see, I need help. No not like that, I\u00b4m a psychologist, really.<br>This will only start rolling if it can reach a broader audience, therefore I need the help of the media.<br>I also need the help of some enterprises, so I ask for help, for example that my Website-Provider helps me to make a website for 100 days, I ask a podcast-Host, to help me to make a Podcast for one hundred days, a Pedometer (step counting) Enterprise helps me, to count 10000 Steps (100&#215;100) of everyone who wants to do that and and and.<br>This can only function with the help of the media, because only then I can ask for further help<\/p>\n\n\n\n<ul class=\"wp-block-list\">\n<li>100 male and female influencers to say something about Peace in 100 Words<\/li>\n\n\n\n<li>100 male and female Politicians, to proclaim why peace would be good in 100 words.<\/li>\n\n\n\n<li>100 Comedians and comediennes to joke about peace in 100 words (a fucking challenge)<\/li>\n\n\n\n<li>100 actors and actrices to demonstrate peace in 10 gestures<br>only then this movement might spread to other countries, although it is limited for 100 days.<br>It is my goal to do something for peace, even if it\u00b4s only for my inner peace.<br>Rules:<\/li>\n\n\n\n<li>Nobody should get harmed (100 spanks won\u00b4t get counted, sorry, the SM-Scene is out, cannot participate in that way, sorry, sorry). Nobody should endanger himself, for example by climbing on a building to undold a banner. Everybody should participate as he\/she can and as his\/her doctor\/doctrice suscribes.<\/li>\n\n\n\n<li>Monetary earning is not my goal, but I want to win enterprises, to make profits of this, that is why I didn\u00b4t get a patent for &#8222;1hundred4Peace&#8220; and I humbly ask you to do the same.<\/li>\n\n\n\n<li>You can endorse me, but not own me. You can support 1hundred4peace or me but don\u00b4t expect me to do something for you.<\/li>\n\n\n\n<li>I allow haters their comments, because I want them to feel better.<\/li>\n\n\n\n<li>1hundred4peace is limited to , 100 days of influencing in my form. But on 02\/25\/2025 at 20:25 o\u00b4clock (8.25 p.m) the spooking is over on Walpurgis Night.<\/li>\n<\/ul>\n\n\n\n<p>How does a manifest end?<br>Here https:\/\/www.vulture.com\/article\/manifest-series-finale-ending-explained.html I found something:<br>The wild ride that is the mystery drama Manifest ends with its final ten episodes on Netflix and, not surprising anyone who\u2019s watched the series, things only get wilder as it draws to a close. The second half of season four sees the passengers of the ill-fated Flight 828 \u2014 which disappeared for five and a half years back in 2013 before returning with everyone intact, albeit now with the ability to receive \u201ccallings\u201d about the future (which actually turn out to be memories, IT\u2019S FINE) \u2014 facing down the apocalypse. The passengers, led by sibling-duo Ben and Michaela Stone, learned some time ago that on June 4, 2024, they would all be judged as a group by a divine being, and if the good didn\u2019t outweigh the bad, not only would they all be sentenced to death, but all of humanity would be too.<br><\/p>\n\n\n\n<p>Somehow that fits,<br>Sascha Malsbender<\/p>\n\n\n\n<p>Und dann kam Christian Lindner, machte die Ampel kaputt, und gab meiner Aktion eine ganz neue Note, denn die 100 Tage meiner Aktion werden wahrscheinlich mit dem amtlichen Wahlergebnis der Neuwahl einhergehen, die am 23.02.25 stattfinden wird.<\/p>\n\n\n\n<p>Auf der n\u00e4chsten Seite versuche von meiner Aktion zu berichten. Auch versuche ich, einen Blog einzurichten.<\/p>\n\n\n\n<p><\/p>\n","protected":false},"excerpt":{"rendered":"<p>Das ist meine neue Aktion, die am 17.11.24 starten wird. Ich habe ein Manifest geschrieben, an dem Morgen, als Donald Trump als der n\u00e4chste Pr\u00e4sident der USA feststand und die Ampel noch existierte. Das Manifest von 1hundred4peace Ein Manifest (von lateinisch manifestus \u201ahandgreiflich gemacht\u2018, \u201aoffenbart\u2018) ist eine \u00f6ffentliche Erkl\u00e4rung von Zielen und Absichten, oftmals politischer [&hellip;]<\/p>\n","protected":false},"author":1,"featured_media":109,"parent":0,"menu_order":0,"comment_status":"closed","ping_status":"closed","template":"","meta":{"footnotes":""},"class_list":["post-106","page","type-page","status-publish","has-post-thumbnail","hentry"],"_links":{"self":[{"href":"https:\/\/addictionawareness.de\/index.php?rest_route=\/wp\/v2\/pages\/106","targetHints":{"allow":["GET"]}}],"collection":[{"href":"https:\/\/addictionawareness.de\/index.php?rest_route=\/wp\/v2\/pages"}],"about":[{"href":"https:\/\/addictionawareness.de\/index.php?rest_route=\/wp\/v2\/types\/page"}],"author":[{"embeddable":true,"href":"https:\/\/addictionawareness.de\/index.php?rest_route=\/wp\/v2\/users\/1"}],"replies":[{"embeddable":true,"href":"https:\/\/addictionawareness.de\/index.php?rest_route=%2Fwp%2Fv2%2Fcomments&post=106"}],"version-history":[{"count":1,"href":"https:\/\/addictionawareness.de\/index.php?rest_route=\/wp\/v2\/pages\/106\/revisions"}],"predecessor-version":[{"id":107,"href":"https:\/\/addictionawareness.de\/index.php?rest_route=\/wp\/v2\/pages\/106\/revisions\/107"}],"wp:featuredmedia":[{"embeddable":true,"href":"https:\/\/addictionawareness.de\/index.php?rest_route=\/wp\/v2\/media\/109"}],"wp:attachment":[{"href":"https:\/\/addictionawareness.de\/index.php?rest_route=%2Fwp%2Fv2%2Fmedia&parent=106"}],"curies":[{"name":"wp","href":"https:\/\/api.w.org\/{rel}","templated":true}]}}