{"id":102,"date":"2024-11-15T16:42:27","date_gmt":"2024-11-15T16:42:27","guid":{"rendered":"https:\/\/addictionawareness.de\/?page_id=102"},"modified":"2024-11-15T16:42:27","modified_gmt":"2024-11-15T16:42:27","slug":"meine-suechte","status":"publish","type":"page","link":"https:\/\/addictionawareness.de\/?page_id=102","title":{"rendered":"Meine S\u00fcchte"},"content":{"rendered":"\n<p>Schon als Kind und Jugendlicher habe ich zu sammeln angefangen.<\/p>\n\n\n\n<p>Ich habe nie Wert auf vergehendes gelegt, was wahrscheinlich mit der unterbewussten Angst vor dem Verg\u00e4nglichen, dem Tod, verbunden war.<\/p>\n\n\n\n<p>Ich habe angefangen, Comics und sp\u00e4ter Horror-Roman-Serien zu sammeln, wie John Sinclair, Tony Ballard, Larry Brent. Mit zunehmender Weisheit ver\u00e4nderte sich die Sammelleidenschaft (die bei meiner Familie leiden schafft) zu Star Trek. Die Vorliebe f\u00fcr amerikanische DC-Comics ist immer noch geblieben.<\/p>\n\n\n\n<p>Ich bin ein Einzelkind und sehne mich nach Geborgenheit und habe daher eine Frau gew\u00e4hlt, die nicht nur eine enge Bindung zu ihrem Geschwister, sondern auch zu ihren Eltern hat. Ich bewundere ihre sozialen F\u00e4higkeiten, kann diesbez\u00fcglich viel von ihr lernen.<\/p>\n\n\n\n<p>Daher bin ich f\u00fcr die Downer-Fraktion der Drogen anf\u00e4llig. Ich bin viel zu extrovertiert, als dass ich Upper probieren w\u00fcrde. Mein Selbstbewusstsein kann nicht durch Kokain gesteigert werden. Ich werde nie Halluzinogene ausprobieren, weil meine Phantasie mir jetzt schon Angst macht. Daher bin ich anf\u00e4llig f\u00fcr Downer, wobei ich viel zu viel Respekt vor was h\u00e4rterem als Alkohol habe. Und nein weed ist nicht mein Fall, tried that and can leave it behind.<\/p>\n\n\n\n<p>Und jetzt kann ich meine Sucht verlagern. Zum Einen versuche ich das in den sportlichen Bereich zu verlagern und bin da sehr zwanghaft. Ich verdiene mir meinen Streaming-Konsum mit Fitness-\u00dcbungen. Zum Anderen versuche ich kreativ zu sein, habe mein Musik-Projekt mit einer CD kr\u00f6nen k\u00f6nnen. Yes, Metal forever. <\/p>\n\n\n\n<p>Und diese Webseite soll beides verbinden.<\/p>\n","protected":false},"excerpt":{"rendered":"<p>Schon als Kind und Jugendlicher habe ich zu sammeln angefangen. Ich habe nie Wert auf vergehendes gelegt, was wahrscheinlich mit der unterbewussten Angst vor dem Verg\u00e4nglichen, dem Tod, verbunden war. Ich habe angefangen, Comics und sp\u00e4ter Horror-Roman-Serien zu sammeln, wie John Sinclair, Tony Ballard, Larry Brent. Mit zunehmender Weisheit ver\u00e4nderte sich die Sammelleidenschaft (die bei [&hellip;]<\/p>\n","protected":false},"author":1,"featured_media":0,"parent":0,"menu_order":0,"comment_status":"closed","ping_status":"closed","template":"","meta":{"footnotes":""},"class_list":["post-102","page","type-page","status-publish","hentry"],"_links":{"self":[{"href":"https:\/\/addictionawareness.de\/index.php?rest_route=\/wp\/v2\/pages\/102","targetHints":{"allow":["GET"]}}],"collection":[{"href":"https:\/\/addictionawareness.de\/index.php?rest_route=\/wp\/v2\/pages"}],"about":[{"href":"https:\/\/addictionawareness.de\/index.php?rest_route=\/wp\/v2\/types\/page"}],"author":[{"embeddable":true,"href":"https:\/\/addictionawareness.de\/index.php?rest_route=\/wp\/v2\/users\/1"}],"replies":[{"embeddable":true,"href":"https:\/\/addictionawareness.de\/index.php?rest_route=%2Fwp%2Fv2%2Fcomments&post=102"}],"version-history":[{"count":1,"href":"https:\/\/addictionawareness.de\/index.php?rest_route=\/wp\/v2\/pages\/102\/revisions"}],"predecessor-version":[{"id":103,"href":"https:\/\/addictionawareness.de\/index.php?rest_route=\/wp\/v2\/pages\/102\/revisions\/103"}],"wp:attachment":[{"href":"https:\/\/addictionawareness.de\/index.php?rest_route=%2Fwp%2Fv2%2Fmedia&parent=102"}],"curies":[{"name":"wp","href":"https:\/\/api.w.org\/{rel}","templated":true}]}}